{"id":4985,"date":"2018-01-02T23:03:39","date_gmt":"2018-01-03T04:03:39","guid":{"rendered":"https:\/\/horizon-furniture.com\/fr\/?page_id=4985"},"modified":"2024-01-22T15:19:55","modified_gmt":"2024-01-22T20:19:55","slug":"download-catalogue","status":"publish","type":"page","link":"https:\/\/horizon-furniture.com\/fr\/download-catalogue\/","title":{"rendered":"Catalogue complet"},"content":{"rendered":"\n<h3 class=\"wp-block-heading\">Catalogue fran\u00e7ais<\/h3>\n\n\n\n<div data-wp-interactive=\"core\/file\" class=\"wp-block-file\"><object data-wp-bind--hidden=\"!state.hasPdfPreview\" hidden class=\"wp-block-file__embed\" data=\"https:\/\/horizon-furniture.com\/wp-content\/uploads\/2024\/01\/Complete-Book_FRE_JAN2024_compressed.pdf\" type=\"application\/pdf\" style=\"width:100%;height:840px\" aria-label=\"Contenu embarqu\u00e9 T\u00e9l\u00e9charger catalogue fran\u00e7ais (17MB).\"><\/object><a id=\"wp-block-file--media-1113ff4a-14e8-418a-aa7e-445ee886f5d3\" href=\"https:\/\/horizon-furniture.com\/wp-content\/uploads\/2024\/01\/Complete-Book_FRE_JAN2024_compressed.pdf\" target=\"_blank\" rel=\"noreferrer noopener\">T\u00e9l\u00e9charger catalogue fran\u00e7ais (17MB)<\/a><\/div>\n\n\n\n<h3 class=\"wp-block-heading\">Catalogue anglais<\/h3>\n\n\n\n<div data-wp-interactive=\"core\/file\" class=\"wp-block-file\"><object data-wp-bind--hidden=\"!state.hasPdfPreview\" hidden class=\"wp-block-file__embed\" data=\"https:\/\/horizon-furniture.com\/wp-content\/uploads\/2024\/01\/Complete-Book_ENG_JAN2024_compressed.pdf\" type=\"application\/pdf\" style=\"width:100%;height:810px\" aria-label=\"Contenu embarqu\u00e9 T\u00e9l\u00e9charger catalogue anglais (17MB).\"><\/object><a id=\"wp-block-file--media-8d09da38-1ecc-4b40-af19-37e788d8875f\" href=\"https:\/\/horizon-furniture.com\/wp-content\/uploads\/2024\/01\/Complete-Book_ENG_JAN2024_compressed.pdf\" target=\"_blank\" rel=\"noreferrer noopener\">T\u00e9l\u00e9charger catalogue anglais (17MB)<\/a><\/div>\n","protected":false},"excerpt":{"rendered":"<p>Catalogue fran\u00e7ais Catalogue anglais<\/p>\n","protected":false},"author":79,"featured_media":0,"parent":0,"menu_order":0,"comment_status":"closed","ping_status":"closed","template":"onecolumn-page.php","meta":{"footnotes":""},"class_list":["post-4985","page","type-page","status-publish","hentry"],"_links":{"self":[{"href":"https:\/\/horizon-furniture.com\/fr\/wp-json\/wp\/v2\/pages\/4985","targetHints":{"allow":["GET"]}}],"collection":[{"href":"https:\/\/horizon-furniture.com\/fr\/wp-json\/wp\/v2\/pages"}],"about":[{"href":"https:\/\/horizon-furniture.com\/fr\/wp-json\/wp\/v2\/types\/page"}],"author":[{"embeddable":true,"href":"https:\/\/horizon-furniture.com\/fr\/wp-json\/wp\/v2\/users\/79"}],"replies":[{"embeddable":true,"href":"https:\/\/horizon-furniture.com\/fr\/wp-json\/wp\/v2\/comments?post=4985"}],"version-history":[{"count":10,"href":"https:\/\/horizon-furniture.com\/fr\/wp-json\/wp\/v2\/pages\/4985\/revisions"}],"predecessor-version":[{"id":12108,"href":"https:\/\/horizon-furniture.com\/fr\/wp-json\/wp\/v2\/pages\/4985\/revisions\/12108"}],"wp:attachment":[{"href":"https:\/\/horizon-furniture.com\/fr\/wp-json\/wp\/v2\/media?parent=4985"}],"curies":[{"name":"wp","href":"https:\/\/api.w.org\/{rel}","templated":true}]}}