{"id":710,"date":"2012-08-23T15:36:44","date_gmt":"2012-08-23T19:36:44","guid":{"rendered":"https:\/\/horizon-furniture.com\/?page_id=710"},"modified":"2012-10-31T13:24:22","modified_gmt":"2012-10-31T17:24:22","slug":"iso-14000","status":"publish","type":"page","link":"https:\/\/horizon-furniture.com\/fr\/environment\/iso-14000\/","title":{"rendered":"ISO 14000"},"content":{"rendered":"<p>ISO 14001 est le pendant environnemental des syst\u00e8mes de gestion de la qualit\u00e9 ISO 9001. Il s\u2019agit d\u2019une norme internationale pour la mise en \u0153uvre et l\u2019application d\u2019un syst\u00e8me de gestion de l\u2019environnement (SGE). Tout comme ISO 9001, ce programme n\u00e9cessite un engagement envers l\u2019am\u00e9lioration continue au moyen d\u2019un cycle d\u2019initiatives environnementales. Il exige que Horizon atteigne les objectifs pr\u00e9cis qu\u2019il s\u2019est fix\u00e9s. Nous pr\u00e9voyons que Horizon obtiendra la certification ISO 14001 en 2010.<\/p>\n<p>Le cycle d\u2019am\u00e9lioration continue comprend les \u00e9l\u00e9ments suivants\u00a0:<\/p>\n<ul>\n<li>Politique environnementale<\/li>\n<li>Planification<\/li>\n<li>Mise en \u0153uvre et exploitation<\/li>\n<li>V\u00e9rification et correction<\/li>\n<li>Examen par la direction<\/li>\n<li>Am\u00e9lioration continue<\/li>\n<\/ul>\n<p>Merci de votre attention et de votre int\u00e9r\u00eat pour Horizon Furniture et les produits que nous fabriquons. Nous sommes tr\u00e8s fiers de nos produits et des gens qui y travaillent. Notre salle de montre et notre usine sont ouverts aux visites \u2013 il suffit de prendre rendez-vous pendant les heures d\u2019affaires.<\/p>\n","protected":false},"excerpt":{"rendered":"<p>ISO 14001 est le pendant environnemental des syst\u00e8mes de gestion de la qualit\u00e9 ISO 9001. Il s\u2019agit d\u2019une norme internationale pour la mise en \u0153uvre et l\u2019application d\u2019un syst\u00e8me de gestion de l\u2019environnement (SGE). Tout comme ISO 9001, ce programme &hellip; <a href=\"https:\/\/horizon-furniture.com\/fr\/environment\/iso-14000\/\">Continuer la lecture <span class=\"meta-nav\">&rarr;<\/span><\/a><\/p>\n","protected":false},"author":79,"featured_media":0,"parent":687,"menu_order":0,"comment_status":"closed","ping_status":"closed","template":"","meta":{"footnotes":""},"class_list":["post-710","page","type-page","status-publish","hentry"],"_links":{"self":[{"href":"https:\/\/horizon-furniture.com\/fr\/wp-json\/wp\/v2\/pages\/710","targetHints":{"allow":["GET"]}}],"collection":[{"href":"https:\/\/horizon-furniture.com\/fr\/wp-json\/wp\/v2\/pages"}],"about":[{"href":"https:\/\/horizon-furniture.com\/fr\/wp-json\/wp\/v2\/types\/page"}],"author":[{"embeddable":true,"href":"https:\/\/horizon-furniture.com\/fr\/wp-json\/wp\/v2\/users\/79"}],"replies":[{"embeddable":true,"href":"https:\/\/horizon-furniture.com\/fr\/wp-json\/wp\/v2\/comments?post=710"}],"version-history":[{"count":4,"href":"https:\/\/horizon-furniture.com\/fr\/wp-json\/wp\/v2\/pages\/710\/revisions"}],"predecessor-version":[{"id":1090,"href":"https:\/\/horizon-furniture.com\/fr\/wp-json\/wp\/v2\/pages\/710\/revisions\/1090"}],"up":[{"embeddable":true,"href":"https:\/\/horizon-furniture.com\/fr\/wp-json\/wp\/v2\/pages\/687"}],"wp:attachment":[{"href":"https:\/\/horizon-furniture.com\/fr\/wp-json\/wp\/v2\/media?parent=710"}],"curies":[{"name":"wp","href":"https:\/\/api.w.org\/{rel}","templated":true}]}}