{"id":804,"date":"2012-09-10T15:57:11","date_gmt":"2012-09-10T19:57:11","guid":{"rendered":"https:\/\/horizon-furniture.com\/?page_id=804"},"modified":"2012-12-05T12:02:49","modified_gmt":"2012-12-05T17:02:49","slug":"company","status":"publish","type":"page","link":"https:\/\/horizon-furniture.com\/fr\/company\/","title":{"rendered":"Entreprise"},"content":{"rendered":"<p><img loading=\"lazy\" decoding=\"async\" class=\"size-full wp-image-1039\" title=\"Horizon Building\" src=\"https:\/\/horizon-furniture.com\/wp-content\/uploads\/2012\/08\/New-Horizon-Building_8.jpg\" alt=\"Horizon Building\" width=\"600\" height=\"214\" srcset=\"https:\/\/horizon-furniture.com\/wp-content\/uploads\/2012\/08\/New-Horizon-Building_8.jpg 600w, https:\/\/horizon-furniture.com\/wp-content\/uploads\/2012\/08\/New-Horizon-Building_8-100x35.jpg 100w, https:\/\/horizon-furniture.com\/wp-content\/uploads\/2012\/08\/New-Horizon-Building_8-300x107.jpg 300w\" sizes=\"auto, (max-width: 600px) 100vw, 600px\" \/><\/p>\n<p>Horizon Furniture peut \u00e0 la fois compter sur son exp\u00e9rience en tant qu&rsquo;entreprise bien \u00e9tablie, ainsi que sur le dynamisme d&rsquo;une jeune organisation. Nous sommes constamment en qu\u00eate d&rsquo;innovations.<\/p>\n<p>Au cours des deux derni\u00e8res ann\u00e9es, nous avons proc\u00e9d\u00e9 \u00e0 des investissements majeurs dans le but de perfectionner notre m\u00e9thode de fabrication de nos produits. Cons\u00e9quemment, Horizon est aujourd&rsquo;hui reconnu dans l&rsquo;industrie de chaises de bureau et accessoires ergonomiques en tant que manufacturier innovateur de produits de grande qualit\u00e9.<\/p>\n<h3>NOS PRODUITS&#8230;<\/h3>\n<p>Horizon fabrique des\u00a0 produits de grande qualit\u00e9 offerts \u00e0 des prix concurrentiels. Nous proposons des collections de produits qui s&rsquo;adaptent \u00e0 la croissance de votre entreprise, prot\u00e9geant ainsi votre investissement initial.<\/p>\n<p>Les chaises et accessoires ergonomiques de Horizon peuvent \u00eatre utilis\u00e9s dans les bureaux tant en entreprise qu&rsquo;\u00e0 domicile, ainsi que dans les salles de conf\u00e9rence, les salles de r\u00e9union, les centres de formation, les centres d&rsquo;h\u00e9bergement et de soins infirmiers, les dortoirs, les \u00e9tablissements de sant\u00e9,\u00a0 les halls de r\u00e9ception, et bien plus.<\/p>\n<h3>NOTRE PERSONNEL&#8230;<\/h3>\n<p>Horizon investit dans ses employ\u00e9s &#8211; des personnes dont le travail a pour but de vous offrir des produits de la meilleure qualit\u00e9 et un service \u00e0 la client\u00e8le des plus \u00e0 l&rsquo;\u00e9coute. Nous recherchons toujours \u00e0 surpasser vos attentes.<\/p>\n<h3>NOTRE ENGAGEMENT&#8230;<\/h3>\n<p>Horizon s&rsquo;engage \u00e0 fabriquer des produits qui correspondent \u00e0 vos besoins changeants. Notre approche de conception modulaire assure la souplesse de l&rsquo;am\u00e9nagement, ainsi que des prix concurrentiels.<\/p>\n<h3>NOS\u00a0CLIENTS&#8230;<\/h3>\n<p>Au fil des ans, Horizon a acquis de nombreux clients fid\u00e8les. Nos clients sont au c\u0153ur de nos priorit\u00e9s quotidiennes. En vous offrant des produits de qualit\u00e9 et un service \u00e0 la client\u00e8le impeccable, nous pouvons continuer \u00e0 aller de l&rsquo;avant ensemble.<\/p>\n<p>&nbsp;<\/p>\n","protected":false},"excerpt":{"rendered":"<p>Horizon Furniture peut \u00e0 la fois compter sur son exp\u00e9rience en tant qu&rsquo;entreprise bien \u00e9tablie, ainsi que sur le dynamisme d&rsquo;une jeune organisation. Nous sommes constamment en qu\u00eate d&rsquo;innovations. Au cours des deux derni\u00e8res ann\u00e9es, nous avons proc\u00e9d\u00e9 \u00e0 des &hellip; <a href=\"https:\/\/horizon-furniture.com\/fr\/company\/\">Continuer la lecture <span class=\"meta-nav\">&rarr;<\/span><\/a><\/p>\n","protected":false},"author":79,"featured_media":0,"parent":0,"menu_order":0,"comment_status":"closed","ping_status":"closed","template":"onecolumn-page.php","meta":{"footnotes":""},"class_list":["post-804","page","type-page","status-publish","hentry"],"_links":{"self":[{"href":"https:\/\/horizon-furniture.com\/fr\/wp-json\/wp\/v2\/pages\/804","targetHints":{"allow":["GET"]}}],"collection":[{"href":"https:\/\/horizon-furniture.com\/fr\/wp-json\/wp\/v2\/pages"}],"about":[{"href":"https:\/\/horizon-furniture.com\/fr\/wp-json\/wp\/v2\/types\/page"}],"author":[{"embeddable":true,"href":"https:\/\/horizon-furniture.com\/fr\/wp-json\/wp\/v2\/users\/79"}],"replies":[{"embeddable":true,"href":"https:\/\/horizon-furniture.com\/fr\/wp-json\/wp\/v2\/comments?post=804"}],"version-history":[{"count":5,"href":"https:\/\/horizon-furniture.com\/fr\/wp-json\/wp\/v2\/pages\/804\/revisions"}],"predecessor-version":[{"id":1188,"href":"https:\/\/horizon-furniture.com\/fr\/wp-json\/wp\/v2\/pages\/804\/revisions\/1188"}],"wp:attachment":[{"href":"https:\/\/horizon-furniture.com\/fr\/wp-json\/wp\/v2\/media?parent=804"}],"curies":[{"name":"wp","href":"https:\/\/api.w.org\/{rel}","templated":true}]}}